{"id":1363,"date":"2026-01-14T01:07:54","date_gmt":"2026-01-14T01:07:54","guid":{"rendered":"https:\/\/metehandanmehmetcige.com\/anadoluda-kurulan-turk-beylikleri\/"},"modified":"2026-01-21T10:50:23","modified_gmt":"2026-01-21T10:50:23","slug":"the-turkic-principalities-of-anatolia","status":"publish","type":"page","link":"https:\/\/metehandanmehmetcige.com\/en\/the-turkic-principalities-of-anatolia\/","title":{"rendered":"The Turkic Principalities of Anatolia"},"content":{"rendered":"\n  <div class=\"banner has-hover\" id=\"banner-703452854\">\n          <div class=\"banner-inner fill\">\n        <div class=\"banner-bg fill\" >\n            <img loading=\"lazy\" decoding=\"async\" width=\"1920\" height=\"1080\" src=\"https:\/\/metehandanmehmetcige.com\/wp-content\/uploads\/2026\/01\/arkaplan1.webp\" class=\"bg attachment-original size-original\" alt=\"\" \/>                        <div class=\"overlay\"><\/div>            \n                    <\/div>\n\t\t\n        <div class=\"banner-layers container\">\n            <div class=\"fill banner-link\"><\/div>            \n   <div id=\"text-box-1307562396\" class=\"text-box banner-layer x50 md-x85 lg-x75 y75 md-y90 lg-y90 res-text\">\n                                <div class=\"text-box-content text dark\">\n              \n              <div class=\"text-inner text-center\">\n                  \n\t<div id=\"text-3660075743\" class=\"text\">\n\t\t\n<h4 class=\"uppercase\"><span style=\"font-size: 120%;\">Turkic Principalities<\/span><\/h4>\n\t\t\n<style>\n#text-3660075743 {\n  font-size: 0.75rem;\n  text-align: left;\n}\n@media (min-width:550px) {\n  #text-3660075743 {\n    font-size: 0.75rem;\n  }\n}\n<\/style>\n\t<\/div>\n\t\n              <\/div>\n           <\/div>\n                            \n<style>\n#text-box-1307562396 {\n  width: 72%;\n}\n#text-box-1307562396 .text-box-content {\n  font-size: 100%;\n}\n@media (min-width:550px) {\n  #text-box-1307562396 {\n    width: 51%;\n  }\n}\n@media (min-width:850px) {\n  #text-box-1307562396 {\n    width: 41%;\n  }\n}\n<\/style>\n    <\/div>\n \n        <\/div>\n      <\/div>\n\n            \n<style>\n#banner-703452854 {\n  padding-top: 300px;\n}\n#banner-703452854 .overlay {\n  background-color: rgba(0, 0, 0, 0.692);\n}\n#banner-703452854 .banner-bg img {\n  object-position: 50% 18%;\n}\n<\/style>\n  <\/div>\n\n\n\n\t<section class=\"section has-scroll-for-more\" id=\"section_164982699\">\n\t\t<div class=\"section-bg fill\" >\n\t\t\t\t\t\t\t\t\t<button class=\"scroll-for-more z-5 icon absolute bottom h-center\" aria-label=\"Scroll for more\"><i class=\"icon-angle-down\" aria-hidden=\"true\" style=\"font-size:42px;\"><\/i><\/button>\n\t\t\t\n\n\t\t<\/div>\n\n\t\t\n\n\t\t<div class=\"section-content relative\">\n\t\t\t\n<div class=\"row\"  id=\"row-1841296616\">\n\n\t<div id=\"col-491549208\" class=\"col medium-4 small-12 large-4\"  >\n\t\t\t\t<div class=\"col-inner box-shadow-4\"  >\n\t\t\t\n\t\t\t\n\n  <div class=\"banner has-hover has-video\" id=\"banner-1940426634\">\n          <div class=\"banner-inner fill\">\n        <div class=\"banner-bg fill\" >\n                        \t<div class=\"video-overlay no-click fill visible\"><\/div>\n\t<video class=\"video-bg fill visible\" preload playsinline autoplay muted loop>\n\t\t<source src=\"https:\/\/metehandanmehmetcige.com\/wp-content\/uploads\/2026\/01\/Turk-Tarihi-1.mp4\" type=\"video\/mp4\">\t<\/video>\n                        \n                    <\/div>\n\t\t\n        <div class=\"banner-layers container\">\n            <div class=\"fill banner-link\"><\/div>            \n   <div id=\"text-box-1925884522\" class=\"text-box banner-layer x50 md-x50 lg-x50 y50 md-y50 lg-y50 res-text\">\n                                <div class=\"text-box-content text dark\">\n              \n              <div class=\"text-inner text-center\">\n                  \n              <\/div>\n           <\/div>\n                            \n<style>\n#text-box-1925884522 {\n  width: 60%;\n}\n#text-box-1925884522 .text-box-content {\n  font-size: 100%;\n}\n<\/style>\n    <\/div>\n \n        <\/div>\n      <\/div>\n\n            \n<style>\n#banner-1940426634 {\n  padding-top: 300px;\n}\n@media (min-width:550px) {\n  #banner-1940426634 {\n    padding-top: 300px;\n  }\n}\n@media (min-width:850px) {\n  #banner-1940426634 {\n    padding-top: 485px;\n  }\n}\n<\/style>\n  <\/div>\n\n\n\t\t<\/div>\n\t\t\t\t\n<style>\n#col-491549208 > .col-inner {\n  margin: -80px 0px 0px 0px;\n}\n@media (min-width:550px) {\n  #col-491549208 > .col-inner {\n    margin: -120px 0px 0px 0px;\n  }\n}\n<\/style>\n\t<\/div>\n\n\t\n\n\t<div id=\"col-1361657917\" class=\"col medium-8 small-12 large-8\"  >\n\t\t\t\t<div class=\"col-inner\"  >\n\t\t\t\n\t\t\t\n<p><strong>TURKISH BEYLIKS ESTABLISHED IN ANATOLIA<\/strong><\/p>\n<p>The Turkish beyliks established in Anatolia played a decisive role in the process of transforming this region into a permanent Turkish homeland. Built upon the legacy of the Great Seljuk Empire, these political entities emerged in various parts of Anatolia, simultaneously conducting both defense and settlement activities. Each beylik functioned not only as a military power but also as a cultural center that facilitated the establishment of the Turkish language, customary law (t\u00f6re), and belief systems. Through the struggles carried out in the frontier regions, Anatolia rapidly became a stable and enduring Turkish homeland.<\/p>\n<p>This period provided a multilayered experiential ground that contributed to the maturation of the Turkish state tradition in Anatolia. The beyliks profoundly influenced the social and economic structure of the region through architectural works, urban development, trade networks, and legal systems. This accumulated experience later enabled the emergence of a stronger and more centralized state. The Anatolian Turkish beyliks were not merely transitional structures; they constituted fundamental links reflecting the continuity of Turkish history and the enduring will to establish states.<\/p>\n\t\t<\/div>\n\t\t\t\t\t<\/div>\n\n\t\n<\/div>\n\t\t<\/div>\n\n\t\t\n<style>\n#section_164982699 {\n  padding-top: 30px;\n  padding-bottom: 30px;\n}\n<\/style>\n\t<\/section>\n\t\n\n\t<section class=\"section\" id=\"section_15634061\">\n\t\t<div class=\"section-bg fill\" >\n\t\t\t\t\t\t\t\t\t\n\t\t\t\n\n\t\t<\/div>\n\n\t\t\n\n\t\t<div class=\"section-content relative\">\n\t\t\t\n\t<div id=\"gap-1219473872\" class=\"gap-element clearfix\" style=\"display:block; height:auto;\">\n\t\t\n<style>\n#gap-1219473872 {\n  padding-top: 20px;\n}\n<\/style>\n\t<\/div>\n\t\n<div class=\"row\"  id=\"row-394928315\">\n\n\t<div id=\"col-494177658\" class=\"col medium-6 small-12 large-6\"  >\n\t\t\t\t<div class=\"col-inner\"  >\n\t\t\t\n\t\t\t\n<div class=\"container section-title-container\" style=\"margin-top:3px;margin-bottom:3px;\"><h4 class=\"section-title section-title-normal\"><b aria-hidden=\"true\"><\/b><span class=\"section-title-main\" >Saltuklu Beyli\u011fi (1072-1202)<\/span><b aria-hidden=\"true\"><\/b><\/h4><\/div>\n<div class=\"container section-title-container\" style=\"margin-top:3px;margin-bottom:3px;\"><h4 class=\"section-title section-title-normal\"><b aria-hidden=\"true\"><\/b><span class=\"section-title-main\" >Dani\u015fmendliler Beyli\u011fi (1075-1178)<\/span><b aria-hidden=\"true\"><\/b><\/h4><\/div>\n<div class=\"container section-title-container\" style=\"margin-top:3px;margin-bottom:3px;\"><h4 class=\"section-title section-title-normal\"><b aria-hidden=\"true\"><\/b><span class=\"section-title-main\" >Meng\u00fccek Beyli\u011fi (1080-1270)<\/span><b aria-hidden=\"true\"><\/b><\/h4><\/div>\n<div class=\"container section-title-container\" style=\"margin-top:3px;margin-bottom:3px;\"><h4 class=\"section-title section-title-normal\"><b aria-hidden=\"true\"><\/b><span class=\"section-title-main\" >\u00c7aka Beyli\u011fi (1081-1092)<\/span><b aria-hidden=\"true\"><\/b><\/h4><\/div>\n<div class=\"container section-title-container\" style=\"margin-top:3px;margin-bottom:3px;\"><h4 class=\"section-title section-title-normal\"><b aria-hidden=\"true\"><\/b><span class=\"section-title-main\" >Dilma\u00e7o\u011fullar\u0131 Beyli\u011fi (1085-1394)<\/span><b aria-hidden=\"true\"><\/b><\/h4><\/div>\n<div class=\"container section-title-container\" style=\"margin-top:3px;margin-bottom:3px;\"><h4 class=\"section-title section-title-normal\"><b aria-hidden=\"true\"><\/b><span class=\"section-title-main\" >\u0130nalo\u011fullar\u0131 Beyli\u011fi (1098-1183)<\/span><b aria-hidden=\"true\"><\/b><\/h4><\/div>\n<div class=\"container section-title-container\" style=\"margin-top:3px;margin-bottom:3px;\"><h4 class=\"section-title section-title-normal\"><b aria-hidden=\"true\"><\/b><span class=\"section-title-main\" >Ahlat\u015fahlar Beyli\u011fi (1100-1207)<\/span><b aria-hidden=\"true\"><\/b><\/h4><\/div>\n<div class=\"container section-title-container\" style=\"margin-top:3px;margin-bottom:3px;\"><h4 class=\"section-title section-title-normal\"><b aria-hidden=\"true\"><\/b><span class=\"section-title-main\" >Artuklu Beyli\u011fi (1101-1409)<\/span><b aria-hidden=\"true\"><\/b><\/h4><\/div>\n<div class=\"container section-title-container\" style=\"margin-top:3px;margin-bottom:3px;\"><h4 class=\"section-title section-title-normal\"><b aria-hidden=\"true\"><\/b><span class=\"section-title-main\" >Erbil Beyli\u011fi (1146-1232)<\/span><b aria-hidden=\"true\"><\/b><\/h4><\/div>\n<div class=\"container section-title-container\" style=\"margin-top:3px;margin-bottom:3px;\"><h4 class=\"section-title section-title-normal\"><b aria-hidden=\"true\"><\/b><span class=\"section-title-main\" >\u00c7obano\u011fullar\u0131 Beyli\u011fi (1227-1309)<\/span><b aria-hidden=\"true\"><\/b><\/h4><\/div>\n<div class=\"container section-title-container\" style=\"margin-top:3px;margin-bottom:3px;\"><h4 class=\"section-title section-title-normal\"><b aria-hidden=\"true\"><\/b><span class=\"section-title-main\" >Karamano\u011fullar\u0131 Beyli\u011fi (1256-1487)<\/span><b aria-hidden=\"true\"><\/b><\/h4><\/div>\n<div class=\"container section-title-container\" style=\"margin-top:3px;margin-bottom:3px;\"><h4 class=\"section-title section-title-normal\"><b aria-hidden=\"true\"><\/b><span class=\"section-title-main\" >\u0130nan\u00e7o\u011fullar\u0131 Beyli\u011fi (1261-1368)<\/span><b aria-hidden=\"true\"><\/b><\/h4><\/div>\n<div class=\"container section-title-container\" style=\"margin-top:3px;margin-bottom:3px;\"><h4 class=\"section-title section-title-normal\"><b aria-hidden=\"true\"><\/b><span class=\"section-title-main\" >Mente\u015feo\u011fullar\u0131 Beyli\u011fi (1261-1424)<\/span><b aria-hidden=\"true\"><\/b><\/h4><\/div>\n<div class=\"container section-title-container\" style=\"margin-top:3px;margin-bottom:3px;\"><h4 class=\"section-title section-title-normal\"><b aria-hidden=\"true\"><\/b><span class=\"section-title-main\" >Sahipatao\u011fullar\u0131 Beyli\u011fi (1275-1341)<\/span><b aria-hidden=\"true\"><\/b><\/h4><\/div>\n\t\t<\/div>\n\t\t\t\t\t<\/div>\n\n\t\n\n\t<div id=\"col-980598983\" class=\"col medium-6 small-12 large-6\"  >\n\t\t\t\t<div class=\"col-inner\"  >\n\t\t\t\n\t\t\t\n<div class=\"container section-title-container\" style=\"margin-top:3px;margin-bottom:3px;\"><h4 class=\"section-title section-title-normal\"><b aria-hidden=\"true\"><\/b><span class=\"section-title-main\" >Germiyano\u011fullar\u0131 Beyli\u011fi (1276-1429)<\/span><b aria-hidden=\"true\"><\/b><\/h4><\/div>\n<div class=\"container section-title-container\" style=\"margin-top:3px;margin-bottom:3px;\"><h4 class=\"section-title section-title-normal\"><b aria-hidden=\"true\"><\/b><span class=\"section-title-main\" >Hamito\u011fullar\u0131 Beyli\u011fi (1301-1423)<\/span><b aria-hidden=\"true\"><\/b><\/h4><\/div>\n<div class=\"container section-title-container\" style=\"margin-top:3px;margin-bottom:3px;\"><h4 class=\"section-title section-title-normal\"><b aria-hidden=\"true\"><\/b><span class=\"section-title-main\" >Candaro\u011fullar\u0131 Beyli\u011fi (1292-1461)<\/span><b aria-hidden=\"true\"><\/b><\/h4><\/div>\n<div class=\"container section-title-container\" style=\"margin-top:3px;margin-bottom:3px;\"><h4 class=\"section-title section-title-normal\"><b aria-hidden=\"true\"><\/b><span class=\"section-title-main\" >Alaiye Beyli\u011fi (1293 - 1471)<\/span><b aria-hidden=\"true\"><\/b><\/h4><\/div>\n<div class=\"container section-title-container\" style=\"margin-top:3px;margin-bottom:3px;\"><h4 class=\"section-title section-title-normal\"><b aria-hidden=\"true\"><\/b><span class=\"section-title-main\" >Tekeo\u011fullar\u0131 Beyli\u011fi (1321-1390)<\/span><b aria-hidden=\"true\"><\/b><\/h4><\/div>\n<div class=\"container section-title-container\" style=\"margin-top:3px;margin-bottom:3px;\"><h4 class=\"section-title section-title-normal\"><b aria-hidden=\"true\"><\/b><span class=\"section-title-main\" >Hac\u0131emirio\u011fullar\u0131 Beyli\u011fi (1301 \u2013 1427)<\/span><b aria-hidden=\"true\"><\/b><\/h4><\/div>\n<div class=\"container section-title-container\" style=\"margin-top:3px;margin-bottom:3px;\"><h4 class=\"section-title section-title-normal\"><b aria-hidden=\"true\"><\/b><span class=\"section-title-main\" >Karesio\u011fullar\u0131 Beyli\u011fi (1304 \u2013 1345)<\/span><b aria-hidden=\"true\"><\/b><\/h4><\/div>\n<div class=\"container section-title-container\" style=\"margin-top:3px;margin-bottom:3px;\"><h4 class=\"section-title section-title-normal\"><b aria-hidden=\"true\"><\/b><span class=\"section-title-main\" >Ayd\u0131no\u011fullar\u0131 Beyli\u011fi (1308-1426)<\/span><b aria-hidden=\"true\"><\/b><\/h4><\/div>\n<div class=\"container section-title-container\" style=\"margin-top:3px;margin-bottom:3px;\"><h4 class=\"section-title section-title-normal\"><b aria-hidden=\"true\"><\/b><span class=\"section-title-main\" >Taceddino\u011fullar\u0131 Beyli\u011fi (1348-1428)<\/span><b aria-hidden=\"true\"><\/b><\/h4><\/div>\n<div class=\"container section-title-container\" style=\"margin-top:3px;margin-bottom:3px;\"><h4 class=\"section-title section-title-normal\"><b aria-hidden=\"true\"><\/b><span class=\"section-title-main\" >Saruhano\u011fullar\u0131 Beyli\u011fi (1313-1410)<\/span><b aria-hidden=\"true\"><\/b><\/h4><\/div>\n<div class=\"container section-title-container\" style=\"margin-top:3px;margin-bottom:3px;\"><h4 class=\"section-title section-title-normal\"><b aria-hidden=\"true\"><\/b><span class=\"section-title-main\" >Eretna Beyli\u011fi (1335-1381)<\/span><b aria-hidden=\"true\"><\/b><\/h4><\/div>\n<div class=\"container section-title-container\" style=\"margin-top:3px;margin-bottom:3px;\"><h4 class=\"section-title section-title-normal\"><b aria-hidden=\"true\"><\/b><span class=\"section-title-main\" >Dulkadiro\u011fullar\u0131 Beyli\u011fi (1337-1515)<\/span><b aria-hidden=\"true\"><\/b><\/h4><\/div>\n<div class=\"container section-title-container\" style=\"margin-top:3px;margin-bottom:3px;\"><h4 class=\"section-title section-title-normal\"><b aria-hidden=\"true\"><\/b><span class=\"section-title-main\" >Ramazano\u011fullar\u0131 Beyli\u011fi (1352-1608)<\/span><b aria-hidden=\"true\"><\/b><\/h4><\/div>\n\t\t<\/div>\n\t\t\t\t\t<\/div>\n\n\t\n<\/div>\n\t\t<\/div>\n\n\t\t\n<style>\n#section_15634061 {\n  padding-top: 30px;\n  padding-bottom: 30px;\n  background-color: rgb(247, 247, 247);\n}\n<\/style>\n\t<\/section>\n\t\n","protected":false},"excerpt":{"rendered":"","protected":false},"author":1,"featured_media":0,"parent":0,"menu_order":0,"comment_status":"closed","ping_status":"closed","template":"page-single-page-nav-transparent-light.php","meta":{"footnotes":""},"class_list":["post-1363","page","type-page","status-publish","hentry"],"_links":{"self":[{"href":"https:\/\/metehandanmehmetcige.com\/en\/wp-json\/wp\/v2\/pages\/1363","targetHints":{"allow":["GET"]}}],"collection":[{"href":"https:\/\/metehandanmehmetcige.com\/en\/wp-json\/wp\/v2\/pages"}],"about":[{"href":"https:\/\/metehandanmehmetcige.com\/en\/wp-json\/wp\/v2\/types\/page"}],"author":[{"embeddable":true,"href":"https:\/\/metehandanmehmetcige.com\/en\/wp-json\/wp\/v2\/users\/1"}],"replies":[{"embeddable":true,"href":"https:\/\/metehandanmehmetcige.com\/en\/wp-json\/wp\/v2\/comments?post=1363"}],"version-history":[{"count":17,"href":"https:\/\/metehandanmehmetcige.com\/en\/wp-json\/wp\/v2\/pages\/1363\/revisions"}],"predecessor-version":[{"id":1954,"href":"https:\/\/metehandanmehmetcige.com\/en\/wp-json\/wp\/v2\/pages\/1363\/revisions\/1954"}],"wp:attachment":[{"href":"https:\/\/metehandanmehmetcige.com\/en\/wp-json\/wp\/v2\/media?parent=1363"}],"curies":[{"name":"wp","href":"https:\/\/api.w.org\/{rel}","templated":true}]}}