{"id":1400,"date":"2026-01-14T01:08:29","date_gmt":"2026-01-14T01:08:29","guid":{"rendered":"https:\/\/metehandanmehmetcige.com\/ozerk-turk-cumhuriyetleri\/"},"modified":"2026-01-21T00:43:08","modified_gmt":"2026-01-21T00:43:08","slug":"autonomous-turkic-republics","status":"publish","type":"page","link":"https:\/\/metehandanmehmetcige.com\/en\/autonomous-turkic-republics\/","title":{"rendered":"Autonomous Turkic Republics"},"content":{"rendered":"\n  <div class=\"banner has-hover\" id=\"banner-2033723888\">\n          <div class=\"banner-inner fill\">\n        <div class=\"banner-bg fill\" >\n            <img loading=\"lazy\" decoding=\"async\" width=\"1920\" height=\"1080\" src=\"https:\/\/metehandanmehmetcige.com\/wp-content\/uploads\/2026\/01\/arkaplan1.webp\" class=\"bg attachment-original size-original\" alt=\"\" \/>                        <div class=\"overlay\"><\/div>            \n                    <\/div>\n\t\t\n        <div class=\"banner-layers container\">\n            <div class=\"fill banner-link\"><\/div>            \n   <div id=\"text-box-791407394\" class=\"text-box banner-layer x50 md-x85 lg-x75 y80 md-y90 lg-y90 res-text\">\n                                <div class=\"text-box-content text dark\">\n              \n              <div class=\"text-inner text-center\">\n                  \n\t<div id=\"text-1405139512\" class=\"text\">\n\t\t\n<h4><span style=\"font-size: 120%;\">AUTONOMOUS TURKIC REPUBLIC<\/span><\/h4>\n\t\t\n<style>\n#text-1405139512 {\n  font-size: 0.75rem;\n  text-align: left;\n}\n@media (min-width:550px) {\n  #text-1405139512 {\n    font-size: 0.75rem;\n  }\n}\n<\/style>\n\t<\/div>\n\t\n              <\/div>\n           <\/div>\n                            \n<style>\n#text-box-791407394 {\n  width: 93%;\n}\n#text-box-791407394 .text-box-content {\n  font-size: 100%;\n}\n@media (min-width:550px) {\n  #text-box-791407394 {\n    width: 51%;\n  }\n}\n@media (min-width:850px) {\n  #text-box-791407394 {\n    width: 41%;\n  }\n}\n<\/style>\n    <\/div>\n \n        <\/div>\n      <\/div>\n\n            \n<style>\n#banner-2033723888 {\n  padding-top: 300px;\n}\n#banner-2033723888 .overlay {\n  background-color: rgba(0, 0, 0, 0.692);\n}\n#banner-2033723888 .banner-bg img {\n  object-position: 50% 18%;\n}\n<\/style>\n  <\/div>\n\n\n\n\t<section class=\"section has-scroll-for-more\" id=\"section_1278523107\">\n\t\t<div class=\"section-bg fill\" >\n\t\t\t\t\t\t\t\t\t<button class=\"scroll-for-more z-5 icon absolute bottom h-center\" aria-label=\"Scroll for more\"><i class=\"icon-angle-down\" aria-hidden=\"true\" style=\"font-size:42px;\"><\/i><\/button>\n\t\t\t\n\n\t\t<\/div>\n\n\t\t\n\n\t\t<div class=\"section-content relative\">\n\t\t\t\n<div class=\"row\"  id=\"row-622424287\">\n\n\t<div id=\"col-1218668135\" class=\"col medium-4 small-12 large-4\"  >\n\t\t\t\t<div class=\"col-inner box-shadow-4\"  >\n\t\t\t\n\t\t\t\n\n  <div class=\"banner has-hover has-video\" id=\"banner-164571374\">\n          <div class=\"banner-inner fill\">\n        <div class=\"banner-bg fill\" >\n                        \t<div class=\"video-overlay no-click fill visible\"><\/div>\n\t<video class=\"video-bg fill visible\" preload playsinline autoplay muted loop>\n\t\t<source src=\"https:\/\/metehandanmehmetcige.com\/wp-content\/uploads\/2026\/01\/Turk-Tarihi-1.mp4\" type=\"video\/mp4\">\t<\/video>\n                        \n                    <\/div>\n\t\t\n        <div class=\"banner-layers container\">\n            <div class=\"fill banner-link\"><\/div>            \n   <div id=\"text-box-285263640\" class=\"text-box banner-layer x50 md-x50 lg-x50 y50 md-y50 lg-y50 res-text\">\n                                <div class=\"text-box-content text dark\">\n              \n              <div class=\"text-inner text-center\">\n                  \n              <\/div>\n           <\/div>\n                            \n<style>\n#text-box-285263640 {\n  width: 60%;\n}\n#text-box-285263640 .text-box-content {\n  font-size: 100%;\n}\n<\/style>\n    <\/div>\n \n        <\/div>\n      <\/div>\n\n            \n<style>\n#banner-164571374 {\n  padding-top: 300px;\n}\n@media (min-width:850px) {\n  #banner-164571374 {\n    padding-top: 435px;\n  }\n}\n<\/style>\n  <\/div>\n\n\n\t\t<\/div>\n\t\t\t\t\n<style>\n#col-1218668135 > .col-inner {\n  margin: -80px 0px 0px 0px;\n}\n@media (min-width:550px) {\n  #col-1218668135 > .col-inner {\n    margin: -120px 0px 0px 0px;\n  }\n}\n<\/style>\n\t<\/div>\n\n\t\n\n\t<div id=\"col-402047108\" class=\"col medium-8 small-12 large-8\"  >\n\t\t\t\t<div class=\"col-inner\"  >\n\t\t\t\n\t\t\t\n<p>The historical depth of the Turkic world has been shaped not only by independent states but also by autonomous Turkic republics that emerged in different periods. Particularly during the 20th century, under the Soviet Union, Turkic communities maintained their existence within autonomous republics and autonomous regions in order to preserve their identities, languages, and cultural heritage. Although these entities did not possess full state sovereignty, the political and administrative authorities granted to them at the constitutional level enabled the public preservation of Turkic identity.<\/p>\n<p>These republics ensured the continued visibility of Turkic communities on the historical stage in many fields, ranging from education and language to cultural production and local governance. While the model of autonomy was sometimes implemented with limited authority, it nevertheless represented a determination within the Turkic world to survive without fragmentation. A significant portion of the historical foundation behind today\u2019s independent Turkic states is rooted in the cultural and political legacy carried by these autonomous republics.<\/p>\n\t\t<\/div>\n\t\t\t\t\t<\/div>\n\n\t\n<\/div>\n\t\t<\/div>\n\n\t\t\n<style>\n#section_1278523107 {\n  padding-top: 30px;\n  padding-bottom: 30px;\n}\n<\/style>\n\t<\/section>\n\t\n\n\t<section class=\"section\" id=\"section_889301987\">\n\t\t<div class=\"section-bg fill\" >\n\t\t\t\t\t\t\t\t\t\n\t\t\t\n\n\t\t<\/div>\n\n\t\t\n\n\t\t<div class=\"section-content relative\">\n\t\t\t\n<div class=\"row row-small align-equal row-box-shadow-1\"  id=\"row-516336193\">\n\n\t<div id=\"col-1102135629\" class=\"col medium-6 small-12 large-6\"  >\n\t\t\t\t<div class=\"col-inner\"  >\n\t\t\t\n\t\t\t\n<div class=\"container section-title-container\" style=\"margin-top:2px;margin-bottom:2px;\"><h4 class=\"section-title section-title-normal\"><b aria-hidden=\"true\"><\/b><span class=\"section-title-main\" style=\"font-size:88%;\">BA\u015eKURD\u0130STAN CUMHUR\u0130YET\u0130 23 MART 1919<\/span><b aria-hidden=\"true\"><\/b><\/h4><\/div>\n<div class=\"container section-title-container\" style=\"margin-top:2px;margin-bottom:2px;\"><h4 class=\"section-title section-title-normal\"><b aria-hidden=\"true\"><\/b><span class=\"section-title-main\" style=\"font-size:88%;\">TATAR\u0130STAN CUMHUR\u0130YET\u0130 27 MAYIS 1920<\/span><b aria-hidden=\"true\"><\/b><\/h4><\/div>\n<div class=\"container section-title-container\" style=\"margin-top:2px;margin-bottom:2px;\"><h4 class=\"section-title section-title-normal\"><b aria-hidden=\"true\"><\/b><span class=\"section-title-main\" style=\"font-size:88%;\">\u00c7UVA\u015e\u0130STAN CUMHUR\u0130YET\u0130 24 HAZ\u0130RAN 1920<\/span><b aria-hidden=\"true\"><\/b><\/h4><\/div>\n<div class=\"container section-title-container\" style=\"margin-top:2px;margin-bottom:2px;\"><h4 class=\"section-title section-title-normal\"><b aria-hidden=\"true\"><\/b><span class=\"section-title-main\" style=\"font-size:88%;\">SAHA (YAKUT\u0130STAN) CUMHUR\u0130YET\u0130 27 N\u0130SAN 1922<\/span><b aria-hidden=\"true\"><\/b><\/h4><\/div>\n<div class=\"container section-title-container\" style=\"margin-top:2px;margin-bottom:2px;\"><h4 class=\"section-title section-title-normal\"><b aria-hidden=\"true\"><\/b><span class=\"section-title-main\" style=\"font-size:88%;\">KABARDEY-BALKAR CUMHUR\u0130YET\u0130 5 EYL\u00dcL 1922<\/span><b aria-hidden=\"true\"><\/b><\/h4><\/div>\n<div class=\"container section-title-container\" style=\"margin-top:2px;margin-bottom:2px;\"><h4 class=\"section-title section-title-normal\"><b aria-hidden=\"true\"><\/b><span class=\"section-title-main\" style=\"font-size:88%;\">NAH\u00c7IVAN \u00d6ZERK CUMHUR\u0130YET\u0130 9 \u015eUBAT 1924<\/span><b aria-hidden=\"true\"><\/b><\/h4><\/div>\n<div class=\"container section-title-container\" style=\"margin-top:2px;margin-bottom:2px;\"><h4 class=\"section-title section-title-normal\"><b aria-hidden=\"true\"><\/b><span class=\"section-title-main\" style=\"font-size:88%;\">KARAKALPAK\u0130STAN \u00d6ZERK CUMHUR\u0130YET\u0130 20 TEMMUZ 1932<\/span><b aria-hidden=\"true\"><\/b><\/h4><\/div>\n<div class=\"container section-title-container\" style=\"margin-top:2px;margin-bottom:2px;\"><h4 class=\"section-title section-title-normal\"><b aria-hidden=\"true\"><\/b><span class=\"section-title-main\" style=\"font-size:88%;\">TUVA CUMHUR\u0130YET\u0130 11 EK\u0130M 1944<\/span><b aria-hidden=\"true\"><\/b><\/h4><\/div>\n\t\t<\/div>\n\t\t\t\t\t<\/div>\n\n\t\n\n\t<div id=\"col-755402252\" class=\"col medium-6 small-12 large-6\"  >\n\t\t\t\t<div class=\"col-inner\"  >\n\t\t\t\n\t\t\t\n<div class=\"container section-title-container\" style=\"margin-top:2px;margin-bottom:2px;\"><h4 class=\"section-title section-title-normal\"><b aria-hidden=\"true\"><\/b><span class=\"section-title-main\" style=\"font-size:88%;\">DO\u011eU T\u00dcRK\u0130STAN (S\u0130NCAR UYGUR \u00d6ZERK B\u00d6LGES\u0130) 1 EK\u0130M 1955<\/span><b aria-hidden=\"true\"><\/b><\/h4><\/div>\n<div class=\"container section-title-container\" style=\"margin-top:2px;margin-bottom:2px;\"><h4 class=\"section-title section-title-normal\"><b aria-hidden=\"true\"><\/b><span class=\"section-title-main\" style=\"font-size:88%;\">\u015eUNHUA SALAR \u00d6ZERK \u0130L\u00c7ES\u0130 1950<\/span><b aria-hidden=\"true\"><\/b><\/h4><\/div>\n<div class=\"container section-title-container\" style=\"margin-top:2px;margin-bottom:2px;\"><h4 class=\"section-title section-title-normal\"><b aria-hidden=\"true\"><\/b><span class=\"section-title-main\" style=\"font-size:88%;\">KARA\u00c7AY - \u00c7ERKES CUMHUR\u0130YET\u0130 9 OCAK 1957<\/span><b aria-hidden=\"true\"><\/b><\/h4><\/div>\n<div class=\"container section-title-container\" style=\"margin-top:2px;margin-bottom:2px;\"><h4 class=\"section-title section-title-normal\"><b aria-hidden=\"true\"><\/b><span class=\"section-title-main\" style=\"font-size:88%;\">ALTAY CUMHUR\u0130YET\u0130 1 TEMMUZ 1991<\/span><b aria-hidden=\"true\"><\/b><\/h4><\/div>\n<div class=\"container section-title-container\" style=\"margin-top:2px;margin-bottom:2px;\"><h4 class=\"section-title section-title-normal\"><b aria-hidden=\"true\"><\/b><span class=\"section-title-main\" style=\"font-size:88%;\">KIRIM \u00d6ZERK CUMHUR\u0130YET\u0130 12 \u015eUBAT 1991<\/span><b aria-hidden=\"true\"><\/b><\/h4><\/div>\n<div class=\"container section-title-container\" style=\"margin-top:2px;margin-bottom:2px;\"><h4 class=\"section-title section-title-normal\"><b aria-hidden=\"true\"><\/b><span class=\"section-title-main\" style=\"font-size:88%;\">HAKASYA CUMHUR\u0130YET\u0130 20 TEMMUZ 1992<\/span><b aria-hidden=\"true\"><\/b><\/h4><\/div>\n<div class=\"container section-title-container\" style=\"margin-top:2px;margin-bottom:2px;\"><h4 class=\"section-title section-title-normal\"><b aria-hidden=\"true\"><\/b><span class=\"section-title-main\" style=\"font-size:88%;\">GAGAVUZYA (GAGAVUZ \u00d6ZERK B\u00d6LGES\u0130) 23 ARALIK 1994<\/span><b aria-hidden=\"true\"><\/b><\/h4><\/div>\n\t\t<\/div>\n\t\t\t\t\t<\/div>\n\n\t\n\n<style>\n#row-516336193 > .col > .col-inner {\n  padding: 25px 25px 25px 10px;\n}\n<\/style>\n<\/div>\n\t\t<\/div>\n\n\t\t\n<style>\n#section_889301987 {\n  padding-top: 30px;\n  padding-bottom: 30px;\n  background-color: rgb(245, 245, 245);\n}\n<\/style>\n\t<\/section>\n\t\n","protected":false},"excerpt":{"rendered":"","protected":false},"author":1,"featured_media":0,"parent":0,"menu_order":0,"comment_status":"closed","ping_status":"closed","template":"page-single-page-nav-transparent-light.php","meta":{"footnotes":""},"class_list":["post-1400","page","type-page","status-publish","hentry"],"_links":{"self":[{"href":"https:\/\/metehandanmehmetcige.com\/en\/wp-json\/wp\/v2\/pages\/1400","targetHints":{"allow":["GET"]}}],"collection":[{"href":"https:\/\/metehandanmehmetcige.com\/en\/wp-json\/wp\/v2\/pages"}],"about":[{"href":"https:\/\/metehandanmehmetcige.com\/en\/wp-json\/wp\/v2\/types\/page"}],"author":[{"embeddable":true,"href":"https:\/\/metehandanmehmetcige.com\/en\/wp-json\/wp\/v2\/users\/1"}],"replies":[{"embeddable":true,"href":"https:\/\/metehandanmehmetcige.com\/en\/wp-json\/wp\/v2\/comments?post=1400"}],"version-history":[{"count":5,"href":"https:\/\/metehandanmehmetcige.com\/en\/wp-json\/wp\/v2\/pages\/1400\/revisions"}],"predecessor-version":[{"id":1910,"href":"https:\/\/metehandanmehmetcige.com\/en\/wp-json\/wp\/v2\/pages\/1400\/revisions\/1910"}],"wp:attachment":[{"href":"https:\/\/metehandanmehmetcige.com\/en\/wp-json\/wp\/v2\/media?parent=1400"}],"curies":[{"name":"wp","href":"https:\/\/api.w.org\/{rel}","templated":true}]}}