{"id":453,"date":"2025-12-20T09:47:10","date_gmt":"2025-12-20T09:47:10","guid":{"rendered":"https:\/\/metehandanmehmetcige.com\/hakkimizda\/"},"modified":"2026-01-20T21:57:12","modified_gmt":"2026-01-20T21:57:12","slug":"about-us","status":"publish","type":"page","link":"https:\/\/metehandanmehmetcige.com\/en\/about-us\/","title":{"rendered":"About us"},"content":{"rendered":"\n  <div class=\"banner has-hover\" id=\"banner-1637699823\">\n          <div class=\"banner-inner fill\">\n        <div class=\"banner-bg fill\" >\n            <img loading=\"lazy\" decoding=\"async\" width=\"1920\" height=\"1080\" src=\"https:\/\/metehandanmehmetcige.com\/wp-content\/uploads\/2026\/01\/arkaplan1.webp\" class=\"bg attachment-original size-original\" alt=\"\" \/>                        <div class=\"overlay\"><\/div>            \n                    <\/div>\n\t\t\n        <div class=\"banner-layers container\">\n            <div class=\"fill banner-link\"><\/div>            \n   <div id=\"text-box-419541045\" class=\"text-box banner-layer x75 md-x75 lg-x75 y75 md-y90 lg-y90 res-text\">\n                                <div class=\"text-box-content text dark\">\n              \n              <div class=\"text-inner text-center\">\n                  \n\t<div id=\"text-2177681786\" class=\"text\">\n\t\t\n<h4 class=\"uppercase\"><span style=\"font-size: 120%;\">About us<\/span><\/h4>\n\t\t\n<style>\n#text-2177681786 {\n  font-size: 0.75rem;\n  text-align: left;\n}\n<\/style>\n\t<\/div>\n\t\n              <\/div>\n           <\/div>\n                            \n<style>\n#text-box-419541045 {\n  width: 39%;\n}\n#text-box-419541045 .text-box-content {\n  font-size: 100%;\n}\n@media (min-width:550px) {\n  #text-box-419541045 {\n    width: 41%;\n  }\n}\n<\/style>\n    <\/div>\n \n        <\/div>\n      <\/div>\n\n            \n<style>\n#banner-1637699823 {\n  padding-top: 300px;\n}\n#banner-1637699823 .overlay {\n  background-color: rgba(0, 0, 0, 0.692);\n}\n#banner-1637699823 .banner-bg img {\n  object-position: 50% 18%;\n}\n<\/style>\n  <\/div>\n\n\n\n\t<section class=\"section\" id=\"section_1319214161\">\n\t\t<div class=\"section-bg fill\" >\n\t\t\t\t\t\t\t\t\t\n\t\t\t\n\n\t\t<\/div>\n\n\t\t\n\n\t\t<div class=\"section-content relative\">\n\t\t\t\n<div class=\"row\"  id=\"row-1658460838\">\n\n\t<div id=\"col-762736092\" class=\"col medium-4 small-12 large-4\"  >\n\t\t\t\t<div class=\"col-inner\"  >\n\t\t\t\n\t\t\t\n\n  <div class=\"banner has-hover has-video\" id=\"banner-202949037\">\n          <div class=\"banner-inner fill\">\n        <div class=\"banner-bg fill\" >\n                        \t<div class=\"video-overlay no-click fill visible\"><\/div>\n\t<video class=\"video-bg fill visible\" preload playsinline autoplay muted loop>\n\t\t<source src=\"https:\/\/metehandanmehmetcige.com\/wp-content\/uploads\/2026\/01\/Turk-Tarihi-1.mp4\" type=\"video\/mp4\">\t<\/video>\n                        \n                    <\/div>\n\t\t\n        <div class=\"banner-layers container\">\n            <div class=\"fill banner-link\"><\/div>            \n   <div id=\"text-box-1124289230\" class=\"text-box banner-layer x50 md-x50 lg-x50 y50 md-y50 lg-y50 res-text\">\n                                <div class=\"text-box-content text dark\">\n              \n              <div class=\"text-inner text-center\">\n                  \n              <\/div>\n           <\/div>\n                            \n<style>\n#text-box-1124289230 {\n  width: 60%;\n}\n#text-box-1124289230 .text-box-content {\n  font-size: 100%;\n}\n<\/style>\n    <\/div>\n \n        <\/div>\n      <\/div>\n\n            \n<style>\n#banner-202949037 {\n  padding-top: 300px;\n}\n@media (min-width:850px) {\n  #banner-202949037 {\n    padding-top: 525px;\n  }\n}\n<\/style>\n  <\/div>\n\n\n\t\t<\/div>\n\t\t\t\t\n<style>\n#col-762736092 > .col-inner {\n  margin: -80px 0px 0px 0px;\n}\n@media (min-width:550px) {\n  #col-762736092 > .col-inner {\n    margin: -120px 0px 0px 0px;\n  }\n}\n<\/style>\n\t<\/div>\n\n\t\n\n\t<div id=\"col-1801086435\" class=\"col medium-8 small-12 large-8\"  >\n\t\t\t\t<div class=\"col-inner\"  >\n\t\t\t\n\t\t\t\n<h4><strong>METEHAN&#8217;DAN MEHMET\u00c7\u0130\u011eE T\u00dcRK DEVLETLER TAR\u0130H\u0130 M\u00dcZES\u0130<\/strong><\/h4>\n<p>This study, which presents the roots, culture, and state tradition of our nation\u2014shaped by a history spanning thousands of years\u2014within a coherent chronological framework, constitutes not merely a historical archive but also a cultural heritage initiative aimed at strengthening national consciousness and collective memory. Beginning with the Kelteminar culture, dated to approximately 5000 BCE, this process encompasses a 7,000-year historical trajectory extending to the present day.\u00a0<\/p>\n<p>The origin of the name \u201cTurk,\u201d our earliest cultural traces, and the legacy of the numerous states we have established are systematically presented in this study, thereby offering a permanent resource through which younger generations can learn about their history with pride. This project aims to make our history accessible not only to academic circles but also to the wider public, particularly children and young people.<\/p>\n<p>This panoramic perspective on our past will strengthen individuals\u2019 sense of belonging and facilitate recognition of the continuity between the Turkish states founded in different historical periods and the present day. In this respect, the project represents both the fulfillment of a debt of gratitude to the past and a manifestation of the determination to leave a strong cultural memory to future generations.\u00a0<\/p>\n\t\t<\/div>\n\t\t\t\t\t<\/div>\n\n\t\n<\/div>\n\t\t<\/div>\n\n\t\t\n<style>\n#section_1319214161 {\n  padding-top: 30px;\n  padding-bottom: 30px;\n}\n<\/style>\n\t<\/section>\n\t\n","protected":false},"excerpt":{"rendered":"","protected":false},"author":1,"featured_media":0,"parent":0,"menu_order":0,"comment_status":"closed","ping_status":"closed","template":"page-single-page-nav-transparent-light.php","meta":{"footnotes":""},"class_list":["post-453","page","type-page","status-publish","hentry"],"_links":{"self":[{"href":"https:\/\/metehandanmehmetcige.com\/en\/wp-json\/wp\/v2\/pages\/453","targetHints":{"allow":["GET"]}}],"collection":[{"href":"https:\/\/metehandanmehmetcige.com\/en\/wp-json\/wp\/v2\/pages"}],"about":[{"href":"https:\/\/metehandanmehmetcige.com\/en\/wp-json\/wp\/v2\/types\/page"}],"author":[{"embeddable":true,"href":"https:\/\/metehandanmehmetcige.com\/en\/wp-json\/wp\/v2\/users\/1"}],"replies":[{"embeddable":true,"href":"https:\/\/metehandanmehmetcige.com\/en\/wp-json\/wp\/v2\/comments?post=453"}],"version-history":[{"count":12,"href":"https:\/\/metehandanmehmetcige.com\/en\/wp-json\/wp\/v2\/pages\/453\/revisions"}],"predecessor-version":[{"id":1822,"href":"https:\/\/metehandanmehmetcige.com\/en\/wp-json\/wp\/v2\/pages\/453\/revisions\/1822"}],"wp:attachment":[{"href":"https:\/\/metehandanmehmetcige.com\/en\/wp-json\/wp\/v2\/media?parent=453"}],"curies":[{"name":"wp","href":"https:\/\/api.w.org\/{rel}","templated":true}]}}