{"id":475,"date":"2025-12-20T09:52:44","date_gmt":"2025-12-20T09:52:44","guid":{"rendered":"https:\/\/metehandanmehmetcige.com\/nasil-gidilir\/"},"modified":"2026-01-20T22:05:15","modified_gmt":"2026-01-20T22:05:15","slug":"how-to-get-there","status":"publish","type":"page","link":"https:\/\/metehandanmehmetcige.com\/en\/how-to-get-there\/","title":{"rendered":"How to get there"},"content":{"rendered":"\n  <div class=\"banner has-hover\" id=\"banner-1935035475\">\n          <div class=\"banner-inner fill\">\n        <div class=\"banner-bg fill\" >\n            <img loading=\"lazy\" decoding=\"async\" width=\"1920\" height=\"1080\" src=\"https:\/\/metehandanmehmetcige.com\/wp-content\/uploads\/2026\/01\/arkaplan1.webp\" class=\"bg attachment-original size-original\" alt=\"\" \/>                        <div class=\"overlay\"><\/div>            \n                    <\/div>\n\t\t\n        <div class=\"banner-layers container\">\n            <div class=\"fill banner-link\"><\/div>            \n   <div id=\"text-box-1604447681\" class=\"text-box banner-layer x85 md-x75 lg-x75 y75 md-y90 lg-y90 res-text\">\n                                <div class=\"text-box-content text dark\">\n              \n              <div class=\"text-inner text-center\">\n                  \n\t<div id=\"text-1689050899\" class=\"text\">\n\t\t\n<h4 class=\"uppercase\"><span style=\"font-size: 120%;\">How to get there?<\/span><\/h4>\n\t\t\n<style>\n#text-1689050899 {\n  font-size: 0.75rem;\n  text-align: left;\n}\n<\/style>\n\t<\/div>\n\t\n              <\/div>\n           <\/div>\n                            \n<style>\n#text-box-1604447681 {\n  width: 68%;\n}\n#text-box-1604447681 .text-box-content {\n  font-size: 100%;\n}\n@media (min-width:550px) {\n  #text-box-1604447681 {\n    width: 41%;\n  }\n}\n<\/style>\n    <\/div>\n \n        <\/div>\n      <\/div>\n\n            \n<style>\n#banner-1935035475 {\n  padding-top: 300px;\n}\n#banner-1935035475 .overlay {\n  background-color: rgba(0, 0, 0, 0.692);\n}\n#banner-1935035475 .banner-bg img {\n  object-position: 50% 18%;\n}\n<\/style>\n  <\/div>\n\n\n\n\t<section class=\"section\" id=\"section_2115458474\">\n\t\t<div class=\"section-bg fill\" >\n\t\t\t\t\t\t\t\t\t\n\t\t\t\n\n\t\t<\/div>\n\n\t\t\n\n\t\t<div class=\"section-content relative\">\n\t\t\t\n<div class=\"row\"  id=\"row-1168062365\">\n\n\t<div id=\"col-797987668\" class=\"col medium-4 small-12 large-4\"  >\n\t\t\t\t<div class=\"col-inner box-shadow-2\"  >\n\t\t\t\n\t\t\t\n\n<p><iframe src=\"https:\/\/www.google.com\/maps\/embed?pb=!1m14!1m8!1m3!1d1506.32492317844!2d38.060412!3d40.967249!3m2!1i1024!2i768!4f13.1!3m3!1m2!1s0x406319d2659a8f87%3A0xa29dbcfa8adfac3a!2sMetehandan%20Mehmetci%C4%9Fe%20T%C3%BCrk%20Devletleri%20Tarihi%20M%C3%BCzesi!5e0!3m2!1str!2str!4v1768905300475!5m2!1str!2str\" width=\"100%\" height=\"600\" style=\"border:0;\" allowfullscreen=\"\" loading=\"lazy\" referrerpolicy=\"no-referrer-when-downgrade\"><\/iframe><br \/>\n\n\t\t<\/div>\n\t\t\t\t\n<style>\n#col-797987668 > .col-inner {\n  margin: -80px 0px 0px 0px;\n}\n@media (min-width:550px) {\n  #col-797987668 > .col-inner {\n    margin: -120px 0px 0px 0px;\n  }\n}\n<\/style>\n\t<\/div>\n\n\t\n\n\t<div id=\"col-461616611\" class=\"col medium-8 small-12 large-8\"  >\n\t\t\t\t<div class=\"col-inner\"  >\n\t\t\t\n\t\t\t\n<div class=\"container section-title-container\" ><h4 class=\"section-title section-title-normal\"><b aria-hidden=\"true\"><\/b><span class=\"section-title-main\" >How do I get to the museum?<\/span><b aria-hidden=\"true\"><\/b><\/h4><\/div>\n<div class=\"row row-dashed\"  id=\"row-217940313\">\n\n\t<div id=\"col-778432795\" class=\"col medium-6 small-6 large-4\"  >\n\t\t\t\t<div class=\"col-inner\"  >\n\t\t\t\n\t\t\t\n\n\t<a class=\"plain\" href=\"https:\/\/maps.app.goo.gl\/5KRfqcUpLyXhXxfi9\" target=\"_blank\" rel=\"noopener\" >\t<div class=\"icon-box featured-box icon-box-left tooltip text-left is-small\" title=\"Haritay\u0131 A\u00e7mak \u0130\u00e7in T\u0131klay\u0131n\" >\n\t\t\t\t\t<div class=\"icon-box-img\" style=\"width: 50px\">\n\t\t\t\t<div class=\"icon\">\n\t\t\t\t\t<div class=\"icon-inner\" >\n\t\t\t\t\t\t<img loading=\"lazy\" decoding=\"async\" width=\"1\" height=\"1\" src=\"https:\/\/metehandanmehmetcige.com\/wp-content\/uploads\/2026\/01\/map-2.svg\" class=\"attachment-medium size-medium\" alt=\"\" \/>\t\t\t\t\t<\/div>\n\t\t\t\t<\/div>\n\t\t\t<\/div>\n\t\t\t\t<div class=\"icon-box-text last-reset\">\n\t\t\t\t\t\t\t\t\t\n\t<div id=\"gap-1859251509\" class=\"gap-element clearfix\" style=\"display:block; height:auto;\">\n\t\t\n<style>\n#gap-1859251509 {\n  padding-top: 15px;\n}\n<\/style>\n\t<\/div>\n\t\n<h3><a href=\"https:\/\/maps.app.goo.gl\/wW3yY9am6m9Ar8289\" target=\"_blank\" rel=\"noopener\">Arriving from Giresun.<\/a><\/h3>\n\t\t<\/div>\n\t<\/div>\n\t<\/a>\n\t\n\t\t<\/div>\n\t\t\t\t\t<\/div>\n\n\t\n\n\t<div id=\"col-2006921568\" class=\"col medium-6 small-6 large-4\"  >\n\t\t\t\t<div class=\"col-inner\"  >\n\t\t\t\n\t\t\t\n\n\t<a class=\"plain\" href=\"https:\/\/maps.app.goo.gl\/5KRfqcUpLyXhXxfi9\" target=\"_blank\" rel=\"noopener\" >\t<div class=\"icon-box featured-box icon-box-left tooltip text-left is-small\" title=\"Haritay\u0131 A\u00e7mak \u0130\u00e7in T\u0131klay\u0131n\" >\n\t\t\t\t\t<div class=\"icon-box-img\" style=\"width: 50px\">\n\t\t\t\t<div class=\"icon\">\n\t\t\t\t\t<div class=\"icon-inner\" >\n\t\t\t\t\t\t<img loading=\"lazy\" decoding=\"async\" width=\"1\" height=\"1\" src=\"https:\/\/metehandanmehmetcige.com\/wp-content\/uploads\/2026\/01\/map-2.svg\" class=\"attachment-medium size-medium\" alt=\"\" \/>\t\t\t\t\t<\/div>\n\t\t\t\t<\/div>\n\t\t\t<\/div>\n\t\t\t\t<div class=\"icon-box-text last-reset\">\n\t\t\t\t\t\t\t\t\t\n\t<div id=\"gap-2076700344\" class=\"gap-element clearfix\" style=\"display:block; height:auto;\">\n\t\t\n<style>\n#gap-2076700344 {\n  padding-top: 15px;\n}\n<\/style>\n\t<\/div>\n\t\n<h3><a href=\"https:\/\/maps.app.goo.gl\/KM7iurL4KkcFcgXU6\">Arriving from Trabzon.<\/a><\/h3>\n\t\t<\/div>\n\t<\/div>\n\t<\/a>\n\t\n\t\t<\/div>\n\t\t\t\t\t<\/div>\n\n\t\n\n\t<div id=\"col-1133512063\" class=\"col medium-6 small-6 large-4\"  >\n\t\t\t\t<div class=\"col-inner\"  >\n\t\t\t\n\t\t\t\n\n\t<a class=\"plain\" href=\"https:\/\/maps.app.goo.gl\/5KRfqcUpLyXhXxfi9\" target=\"_blank\" rel=\"noopener\" >\t<div class=\"icon-box featured-box icon-box-left tooltip text-left is-small\" title=\"Haritay\u0131 A\u00e7mak \u0130\u00e7in T\u0131klay\u0131n\" >\n\t\t\t\t\t<div class=\"icon-box-img\" style=\"width: 50px\">\n\t\t\t\t<div class=\"icon\">\n\t\t\t\t\t<div class=\"icon-inner\" >\n\t\t\t\t\t\t<img loading=\"lazy\" decoding=\"async\" width=\"1\" height=\"1\" src=\"https:\/\/metehandanmehmetcige.com\/wp-content\/uploads\/2026\/01\/map-2.svg\" class=\"attachment-medium size-medium\" alt=\"\" \/>\t\t\t\t\t<\/div>\n\t\t\t\t<\/div>\n\t\t\t<\/div>\n\t\t\t\t<div class=\"icon-box-text last-reset\">\n\t\t\t\t\t\t\t\t\t\n\t<div id=\"gap-763147403\" class=\"gap-element clearfix\" style=\"display:block; height:auto;\">\n\t\t\n<style>\n#gap-763147403 {\n  padding-top: 15px;\n}\n<\/style>\n\t<\/div>\n\t\n<h3><a href=\"https:\/\/maps.app.goo.gl\/q7CdkimhnvtfbazV8\" target=\"_blank\" rel=\"noopener\">Arriving from Rize.<\/a><\/h3>\n\t\t<\/div>\n\t<\/div>\n\t<\/a>\n\t\n\t\t<\/div>\n\t\t\t\t\t<\/div>\n\n\t\n\n\t<div id=\"col-1463280051\" class=\"col medium-6 small-6 large-4\"  >\n\t\t\t\t<div class=\"col-inner\"  >\n\t\t\t\n\t\t\t\n\n\t<a class=\"plain\" href=\"https:\/\/maps.app.goo.gl\/5KRfqcUpLyXhXxfi9\" target=\"_blank\" rel=\"noopener\" >\t<div class=\"icon-box featured-box icon-box-left tooltip text-left is-small\" title=\"Haritay\u0131 A\u00e7mak \u0130\u00e7in T\u0131klay\u0131n\" >\n\t\t\t\t\t<div class=\"icon-box-img\" style=\"width: 50px\">\n\t\t\t\t<div class=\"icon\">\n\t\t\t\t\t<div class=\"icon-inner\" >\n\t\t\t\t\t\t<img loading=\"lazy\" decoding=\"async\" width=\"1\" height=\"1\" src=\"https:\/\/metehandanmehmetcige.com\/wp-content\/uploads\/2026\/01\/map-2.svg\" class=\"attachment-medium size-medium\" alt=\"\" \/>\t\t\t\t\t<\/div>\n\t\t\t\t<\/div>\n\t\t\t<\/div>\n\t\t\t\t<div class=\"icon-box-text last-reset\">\n\t\t\t\t\t\t\t\t\t\n\t<div id=\"gap-156183703\" class=\"gap-element clearfix\" style=\"display:block; height:auto;\">\n\t\t\n<style>\n#gap-156183703 {\n  padding-top: 15px;\n}\n<\/style>\n\t<\/div>\n\t\n<h3><a href=\"https:\/\/maps.app.goo.gl\/ZtoXst1ZV5JSNQL66\" target=\"_blank\" rel=\"noopener\">Arriving from Samsun.<\/a><\/h3>\n\t\t<\/div>\n\t<\/div>\n\t<\/a>\n\t\n\t\t<\/div>\n\t\t\t\t\t<\/div>\n\n\t\n\n\t<div id=\"col-2036910340\" class=\"col medium-6 small-6 large-4\"  >\n\t\t\t\t<div class=\"col-inner\"  >\n\t\t\t\n\t\t\t\n\n\t<a class=\"plain\" href=\"https:\/\/maps.app.goo.gl\/5KRfqcUpLyXhXxfi9\" target=\"_blank\" rel=\"noopener\" >\t<div class=\"icon-box featured-box icon-box-left tooltip text-left is-small\" title=\"Haritay\u0131 A\u00e7mak \u0130\u00e7in T\u0131klay\u0131n\" >\n\t\t\t\t\t<div class=\"icon-box-img\" style=\"width: 50px\">\n\t\t\t\t<div class=\"icon\">\n\t\t\t\t\t<div class=\"icon-inner\" >\n\t\t\t\t\t\t<img loading=\"lazy\" decoding=\"async\" width=\"1\" height=\"1\" src=\"https:\/\/metehandanmehmetcige.com\/wp-content\/uploads\/2026\/01\/map-2.svg\" class=\"attachment-medium size-medium\" alt=\"\" \/>\t\t\t\t\t<\/div>\n\t\t\t\t<\/div>\n\t\t\t<\/div>\n\t\t\t\t<div class=\"icon-box-text last-reset\">\n\t\t\t\t\t\t\t\t\t\n\t<div id=\"gap-811053832\" class=\"gap-element clearfix\" style=\"display:block; height:auto;\">\n\t\t\n<style>\n#gap-811053832 {\n  padding-top: 15px;\n}\n<\/style>\n\t<\/div>\n\t\n<h3><a href=\"https:\/\/maps.app.goo.gl\/b6JbsgfvenuAyrA58\" target=\"_blank\" rel=\"noopener\">Arriving from Tokat.<\/a><\/h3>\n\t\t<\/div>\n\t<\/div>\n\t<\/a>\n\t\n\t\t<\/div>\n\t\t\t\t\t<\/div>\n\n\t\n\n\t<div id=\"col-1156003307\" class=\"col medium-6 small-6 large-4\"  >\n\t\t\t\t<div class=\"col-inner\"  >\n\t\t\t\n\t\t\t\n\n\t<a class=\"plain\" href=\"https:\/\/maps.app.goo.gl\/5KRfqcUpLyXhXxfi9\" target=\"_blank\" rel=\"noopener\" >\t<div class=\"icon-box featured-box icon-box-left tooltip text-left is-small\" title=\"Haritay\u0131 A\u00e7mak \u0130\u00e7in T\u0131klay\u0131n\" >\n\t\t\t\t\t<div class=\"icon-box-img\" style=\"width: 50px\">\n\t\t\t\t<div class=\"icon\">\n\t\t\t\t\t<div class=\"icon-inner\" >\n\t\t\t\t\t\t<img loading=\"lazy\" decoding=\"async\" width=\"1\" height=\"1\" src=\"https:\/\/metehandanmehmetcige.com\/wp-content\/uploads\/2026\/01\/map-2.svg\" class=\"attachment-medium size-medium\" alt=\"\" \/>\t\t\t\t\t<\/div>\n\t\t\t\t<\/div>\n\t\t\t<\/div>\n\t\t\t\t<div class=\"icon-box-text last-reset\">\n\t\t\t\t\t\t\t\t\t\n\t<div id=\"gap-542158006\" class=\"gap-element clearfix\" style=\"display:block; height:auto;\">\n\t\t\n<style>\n#gap-542158006 {\n  padding-top: 15px;\n}\n<\/style>\n\t<\/div>\n\t\n<h3><a href=\"https:\/\/maps.app.goo.gl\/1p1x82CAiAmbF5V19\" target=\"_blank\" rel=\"noopener\">Arriving from Sivas.<\/a><\/h3>\n\t\t<\/div>\n\t<\/div>\n\t<\/a>\n\t\n\t\t<\/div>\n\t\t\t\t\t<\/div>\n\n\t\n\n\t<div id=\"col-308884737\" class=\"col medium-6 small-6 large-4\"  >\n\t\t\t\t<div class=\"col-inner\"  >\n\t\t\t\n\t\t\t\n\n\t<a class=\"plain\" href=\"https:\/\/maps.app.goo.gl\/5KRfqcUpLyXhXxfi9\" target=\"_blank\" rel=\"noopener\" >\t<div class=\"icon-box featured-box icon-box-left tooltip text-left is-small\" title=\"Haritay\u0131 A\u00e7mak \u0130\u00e7in T\u0131klay\u0131n\" >\n\t\t\t\t\t<div class=\"icon-box-img\" style=\"width: 50px\">\n\t\t\t\t<div class=\"icon\">\n\t\t\t\t\t<div class=\"icon-inner\" >\n\t\t\t\t\t\t<img loading=\"lazy\" decoding=\"async\" width=\"1\" height=\"1\" src=\"https:\/\/metehandanmehmetcige.com\/wp-content\/uploads\/2026\/01\/map-2.svg\" class=\"attachment-medium size-medium\" alt=\"\" \/>\t\t\t\t\t<\/div>\n\t\t\t\t<\/div>\n\t\t\t<\/div>\n\t\t\t\t<div class=\"icon-box-text last-reset\">\n\t\t\t\t\t\t\t\t\t\n\t<div id=\"gap-770050678\" class=\"gap-element clearfix\" style=\"display:block; height:auto;\">\n\t\t\n<style>\n#gap-770050678 {\n  padding-top: 15px;\n}\n<\/style>\n\t<\/div>\n\t\n<h3><a href=\"https:\/\/maps.app.goo.gl\/8a7pGSKfnE6yAFus7\" target=\"_blank\" rel=\"noopener\">Arriving from \u00c7orum.<\/a><\/h3>\n\t\t<\/div>\n\t<\/div>\n\t<\/a>\n\t\n\t\t<\/div>\n\t\t\t\t\t<\/div>\n\n\t\n\n\t<div id=\"col-860769929\" class=\"col medium-6 small-6 large-4\"  >\n\t\t\t\t<div class=\"col-inner\"  >\n\t\t\t\n\t\t\t\n\n\t<a class=\"plain\" href=\"https:\/\/maps.app.goo.gl\/5KRfqcUpLyXhXxfi9\" target=\"_blank\" rel=\"noopener\" >\t<div class=\"icon-box featured-box icon-box-left tooltip text-left is-small\" title=\"Haritay\u0131 A\u00e7mak \u0130\u00e7in T\u0131klay\u0131n\" >\n\t\t\t\t\t<div class=\"icon-box-img\" style=\"width: 50px\">\n\t\t\t\t<div class=\"icon\">\n\t\t\t\t\t<div class=\"icon-inner\" >\n\t\t\t\t\t\t<img loading=\"lazy\" decoding=\"async\" width=\"1\" height=\"1\" src=\"https:\/\/metehandanmehmetcige.com\/wp-content\/uploads\/2026\/01\/map-2.svg\" class=\"attachment-medium size-medium\" alt=\"\" \/>\t\t\t\t\t<\/div>\n\t\t\t\t<\/div>\n\t\t\t<\/div>\n\t\t\t\t<div class=\"icon-box-text last-reset\">\n\t\t\t\t\t\t\t\t\t\n\t<div id=\"gap-1720074188\" class=\"gap-element clearfix\" style=\"display:block; height:auto;\">\n\t\t\n<style>\n#gap-1720074188 {\n  padding-top: 15px;\n}\n<\/style>\n\t<\/div>\n\t\n<h3><a href=\"https:\/\/maps.app.goo.gl\/jq9VUznX3e7hqu39A\">Arriving from \u00c7orum.<\/a><\/h3>\n\t\t<\/div>\n\t<\/div>\n\t<\/a>\n\t\n\t\t<\/div>\n\t\t\t\t\t<\/div>\n\n\t\n\n\t<div id=\"col-1596931307\" class=\"col medium-6 small-6 large-4\"  >\n\t\t\t\t<div class=\"col-inner\"  >\n\t\t\t\n\t\t\t\n\n\t<a class=\"plain\" href=\"https:\/\/maps.app.goo.gl\/5KRfqcUpLyXhXxfi9\" target=\"_blank\" rel=\"noopener\" >\t<div class=\"icon-box featured-box icon-box-left tooltip text-left is-small\" title=\"Haritay\u0131 A\u00e7mak \u0130\u00e7in T\u0131klay\u0131n\" >\n\t\t\t\t\t<div class=\"icon-box-img\" style=\"width: 50px\">\n\t\t\t\t<div class=\"icon\">\n\t\t\t\t\t<div class=\"icon-inner\" >\n\t\t\t\t\t\t<img loading=\"lazy\" decoding=\"async\" width=\"1\" height=\"1\" src=\"https:\/\/metehandanmehmetcige.com\/wp-content\/uploads\/2026\/01\/map-2.svg\" class=\"attachment-medium size-medium\" alt=\"\" \/>\t\t\t\t\t<\/div>\n\t\t\t\t<\/div>\n\t\t\t<\/div>\n\t\t\t\t<div class=\"icon-box-text last-reset\">\n\t\t\t\t\t\t\t\t\t\n\t<div id=\"gap-1329015629\" class=\"gap-element clearfix\" style=\"display:block; height:auto;\">\n\t\t\n<style>\n#gap-1329015629 {\n  padding-top: 15px;\n}\n<\/style>\n\t<\/div>\n\t\n<h3><a href=\"https:\/\/maps.app.goo.gl\/j3qKfKr2d69GWRtW9\" target=\"_blank\" rel=\"noopener\">Arriving from Sinop.<\/a><\/h3>\n\t\t<\/div>\n\t<\/div>\n\t<\/a>\n\t\n\t\t<\/div>\n\t\t\t\t\t<\/div>\n\n\t\n\n\t<div id=\"col-949847866\" class=\"col medium-6 small-6 large-4\"  >\n\t\t\t\t<div class=\"col-inner\"  >\n\t\t\t\n\t\t\t\n\n\t<a class=\"plain\" href=\"https:\/\/maps.app.goo.gl\/5KRfqcUpLyXhXxfi9\" target=\"_blank\" rel=\"noopener\" >\t<div class=\"icon-box featured-box icon-box-left tooltip text-left is-small\" title=\"Haritay\u0131 A\u00e7mak \u0130\u00e7in T\u0131klay\u0131n\" >\n\t\t\t\t\t<div class=\"icon-box-img\" style=\"width: 50px\">\n\t\t\t\t<div class=\"icon\">\n\t\t\t\t\t<div class=\"icon-inner\" >\n\t\t\t\t\t\t<img loading=\"lazy\" decoding=\"async\" width=\"1\" height=\"1\" src=\"https:\/\/metehandanmehmetcige.com\/wp-content\/uploads\/2026\/01\/map-2.svg\" class=\"attachment-medium size-medium\" alt=\"\" \/>\t\t\t\t\t<\/div>\n\t\t\t\t<\/div>\n\t\t\t<\/div>\n\t\t\t\t<div class=\"icon-box-text last-reset\">\n\t\t\t\t\t\t\t\t\t\n\t<div id=\"gap-1598795355\" class=\"gap-element clearfix\" style=\"display:block; height:auto;\">\n\t\t\n<style>\n#gap-1598795355 {\n  padding-top: 15px;\n}\n<\/style>\n\t<\/div>\n\t\n<h3><a href=\"https:\/\/maps.app.goo.gl\/Y4Cc9gyDKCu5ADAT8\" target=\"_blank\" rel=\"noopener\">Arriving from Ankara.<\/a><\/h3>\n\t\t<\/div>\n\t<\/div>\n\t<\/a>\n\t\n\t\t<\/div>\n\t\t\t\t\t<\/div>\n\n\t\n\n\t<div id=\"col-926501568\" class=\"col medium-6 small-6 large-4\"  >\n\t\t\t\t<div class=\"col-inner\"  >\n\t\t\t\n\t\t\t\n\n\t<a class=\"plain\" href=\"https:\/\/maps.app.goo.gl\/5KRfqcUpLyXhXxfi9\" target=\"_blank\" rel=\"noopener\" >\t<div class=\"icon-box featured-box icon-box-left tooltip text-left is-small\" title=\"Haritay\u0131 A\u00e7mak \u0130\u00e7in T\u0131klay\u0131n\" >\n\t\t\t\t\t<div class=\"icon-box-img\" style=\"width: 50px\">\n\t\t\t\t<div class=\"icon\">\n\t\t\t\t\t<div class=\"icon-inner\" >\n\t\t\t\t\t\t<img loading=\"lazy\" decoding=\"async\" width=\"1\" height=\"1\" src=\"https:\/\/metehandanmehmetcige.com\/wp-content\/uploads\/2026\/01\/map-2.svg\" class=\"attachment-medium size-medium\" alt=\"\" \/>\t\t\t\t\t<\/div>\n\t\t\t\t<\/div>\n\t\t\t<\/div>\n\t\t\t\t<div class=\"icon-box-text last-reset\">\n\t\t\t\t\t\t\t\t\t\n\t<div id=\"gap-1274865424\" class=\"gap-element clearfix\" style=\"display:block; height:auto;\">\n\t\t\n<style>\n#gap-1274865424 {\n  padding-top: 15px;\n}\n<\/style>\n\t<\/div>\n\t\n<h3><a href=\"https:\/\/maps.app.goo.gl\/y1kg3Jt9X1Xv2DB8A\" target=\"_blank\" rel=\"noopener\">Arriving from Kayseri.<\/a><\/h3>\n\t\t<\/div>\n\t<\/div>\n\t<\/a>\n\t\n\t\t<\/div>\n\t\t\t\t\t<\/div>\n\n\t\n\n\t<div id=\"col-282063740\" class=\"col medium-6 small-6 large-4\"  >\n\t\t\t\t<div class=\"col-inner\"  >\n\t\t\t\n\t\t\t\n\n\t<a class=\"plain\" href=\"https:\/\/maps.app.goo.gl\/5KRfqcUpLyXhXxfi9\" target=\"_blank\" rel=\"noopener\" >\t<div class=\"icon-box featured-box icon-box-left tooltip text-left is-small\" title=\"Haritay\u0131 A\u00e7mak \u0130\u00e7in T\u0131klay\u0131n\" >\n\t\t\t\t\t<div class=\"icon-box-img\" style=\"width: 50px\">\n\t\t\t\t<div class=\"icon\">\n\t\t\t\t\t<div class=\"icon-inner\" >\n\t\t\t\t\t\t<img loading=\"lazy\" decoding=\"async\" width=\"1\" height=\"1\" src=\"https:\/\/metehandanmehmetcige.com\/wp-content\/uploads\/2026\/01\/map-2.svg\" class=\"attachment-medium size-medium\" alt=\"\" \/>\t\t\t\t\t<\/div>\n\t\t\t\t<\/div>\n\t\t\t<\/div>\n\t\t\t\t<div class=\"icon-box-text last-reset\">\n\t\t\t\t\t\t\t\t\t\n\t<div id=\"gap-509283295\" class=\"gap-element clearfix\" style=\"display:block; height:auto;\">\n\t\t\n<style>\n#gap-509283295 {\n  padding-top: 15px;\n}\n<\/style>\n\t<\/div>\n\t\n<h3><a href=\"https:\/\/maps.app.goo.gl\/JLvwwufBYB8GHFZ6A\" target=\"_blank\" rel=\"noopener\">Arriving from G\u00fcm\u00fc\u015fhane.<\/a><\/h3>\n\t\t<\/div>\n\t<\/div>\n\t<\/a>\n\t\n\t\t<\/div>\n\t\t\t\t\t<\/div>\n\n\t\n\n\t<div id=\"col-1394513371\" class=\"col medium-6 small-6 large-4\"  >\n\t\t\t\t<div class=\"col-inner\"  >\n\t\t\t\n\t\t\t\n\n\t<a class=\"plain\" href=\"https:\/\/maps.app.goo.gl\/5KRfqcUpLyXhXxfi9\" target=\"_blank\" rel=\"noopener\" >\t<div class=\"icon-box featured-box icon-box-left tooltip text-left is-small\" title=\"Haritay\u0131 A\u00e7mak \u0130\u00e7in T\u0131klay\u0131n\" >\n\t\t\t\t\t<div class=\"icon-box-img\" style=\"width: 50px\">\n\t\t\t\t<div class=\"icon\">\n\t\t\t\t\t<div class=\"icon-inner\" >\n\t\t\t\t\t\t<img loading=\"lazy\" decoding=\"async\" width=\"1\" height=\"1\" src=\"https:\/\/metehandanmehmetcige.com\/wp-content\/uploads\/2026\/01\/map-2.svg\" class=\"attachment-medium size-medium\" alt=\"\" \/>\t\t\t\t\t<\/div>\n\t\t\t\t<\/div>\n\t\t\t<\/div>\n\t\t\t\t<div class=\"icon-box-text last-reset\">\n\t\t\t\t\t\t\t\t\t\n\t<div id=\"gap-116881027\" class=\"gap-element clearfix\" style=\"display:block; height:auto;\">\n\t\t\n<style>\n#gap-116881027 {\n  padding-top: 15px;\n}\n<\/style>\n\t<\/div>\n\t\n<h3><a href=\"https:\/\/maps.app.goo.gl\/LnFX5cFHbKWyoeKLA\" target=\"_blank\" rel=\"noopener\">Arriving from Erzincan.<\/a><\/h3>\n\t\t<\/div>\n\t<\/div>\n\t<\/a>\n\t\n\t\t<\/div>\n\t\t\t\t\t<\/div>\n\n\t\n\n\t<div id=\"col-1829167972\" class=\"col medium-6 small-6 large-4\"  >\n\t\t\t\t<div class=\"col-inner\"  >\n\t\t\t\n\t\t\t\n\n\t<a class=\"plain\" href=\"https:\/\/maps.app.goo.gl\/5KRfqcUpLyXhXxfi9\" target=\"_blank\" rel=\"noopener\" >\t<div class=\"icon-box featured-box icon-box-left tooltip text-left is-small\" title=\"Haritay\u0131 A\u00e7mak \u0130\u00e7in T\u0131klay\u0131n\" >\n\t\t\t\t\t<div class=\"icon-box-img\" style=\"width: 50px\">\n\t\t\t\t<div class=\"icon\">\n\t\t\t\t\t<div class=\"icon-inner\" >\n\t\t\t\t\t\t<img loading=\"lazy\" decoding=\"async\" width=\"1\" height=\"1\" src=\"https:\/\/metehandanmehmetcige.com\/wp-content\/uploads\/2026\/01\/map-2.svg\" class=\"attachment-medium size-medium\" alt=\"\" \/>\t\t\t\t\t<\/div>\n\t\t\t\t<\/div>\n\t\t\t<\/div>\n\t\t\t\t<div class=\"icon-box-text last-reset\">\n\t\t\t\t\t\t\t\t\t\n\t<div id=\"gap-313255724\" class=\"gap-element clearfix\" style=\"display:block; height:auto;\">\n\t\t\n<style>\n#gap-313255724 {\n  padding-top: 15px;\n}\n<\/style>\n\t<\/div>\n\t\n<h3><a href=\"https:\/\/maps.app.goo.gl\/xDaiKuSWCnYqD9KB7\" target=\"_blank\" rel=\"noopener\">Arriving from Erzurum.<\/a><\/h3>\n\t\t<\/div>\n\t<\/div>\n\t<\/a>\n\t\n\t\t<\/div>\n\t\t\t\t\t<\/div>\n\n\t\n\n\t<div id=\"col-1395297329\" class=\"col medium-6 small-6 large-4\"  >\n\t\t\t\t<div class=\"col-inner\"  >\n\t\t\t\n\t\t\t\n\n\t<a class=\"plain\" href=\"https:\/\/maps.app.goo.gl\/5KRfqcUpLyXhXxfi9\" target=\"_blank\" rel=\"noopener\" >\t<div class=\"icon-box featured-box icon-box-left tooltip text-left is-small\" title=\"Haritay\u0131 A\u00e7mak \u0130\u00e7in T\u0131klay\u0131n\" >\n\t\t\t\t\t<div class=\"icon-box-img\" style=\"width: 50px\">\n\t\t\t\t<div class=\"icon\">\n\t\t\t\t\t<div class=\"icon-inner\" >\n\t\t\t\t\t\t<img loading=\"lazy\" decoding=\"async\" width=\"1\" height=\"1\" src=\"https:\/\/metehandanmehmetcige.com\/wp-content\/uploads\/2026\/01\/map-2.svg\" class=\"attachment-medium size-medium\" alt=\"\" \/>\t\t\t\t\t<\/div>\n\t\t\t\t<\/div>\n\t\t\t<\/div>\n\t\t\t\t<div class=\"icon-box-text last-reset\">\n\t\t\t\t\t\t\t\t\t\n\t<div id=\"gap-2029734384\" class=\"gap-element clearfix\" style=\"display:block; height:auto;\">\n\t\t\n<style>\n#gap-2029734384 {\n  padding-top: 15px;\n}\n<\/style>\n\t<\/div>\n\t\n<h3><a href=\"https:\/\/maps.app.goo.gl\/3XeXdXSLp12KPdkk6\" target=\"_blank\" rel=\"noopener\">Arriving from Artvin.<\/a><\/h3>\n\t\t<\/div>\n\t<\/div>\n\t<\/a>\n\t\n\t\t<\/div>\n\t\t\t\t\t<\/div>\n\n\t\n<\/div>\n\t\t<\/div>\n\t\t\t\t\t<\/div>\n\n\t\n<\/div>\n\t\t<\/div>\n\n\t\t\n<style>\n#section_2115458474 {\n  padding-top: 30px;\n  padding-bottom: 30px;\n}\n<\/style>\n\t<\/section>\n\t\n","protected":false},"excerpt":{"rendered":"","protected":false},"author":1,"featured_media":0,"parent":0,"menu_order":0,"comment_status":"closed","ping_status":"closed","template":"page-single-page-nav-transparent-light.php","meta":{"footnotes":""},"class_list":["post-475","page","type-page","status-publish","hentry"],"_links":{"self":[{"href":"https:\/\/metehandanmehmetcige.com\/en\/wp-json\/wp\/v2\/pages\/475","targetHints":{"allow":["GET"]}}],"collection":[{"href":"https:\/\/metehandanmehmetcige.com\/en\/wp-json\/wp\/v2\/pages"}],"about":[{"href":"https:\/\/metehandanmehmetcige.com\/en\/wp-json\/wp\/v2\/types\/page"}],"author":[{"embeddable":true,"href":"https:\/\/metehandanmehmetcige.com\/en\/wp-json\/wp\/v2\/users\/1"}],"replies":[{"embeddable":true,"href":"https:\/\/metehandanmehmetcige.com\/en\/wp-json\/wp\/v2\/comments?post=475"}],"version-history":[{"count":7,"href":"https:\/\/metehandanmehmetcige.com\/en\/wp-json\/wp\/v2\/pages\/475\/revisions"}],"predecessor-version":[{"id":1829,"href":"https:\/\/metehandanmehmetcige.com\/en\/wp-json\/wp\/v2\/pages\/475\/revisions\/1829"}],"wp:attachment":[{"href":"https:\/\/metehandanmehmetcige.com\/en\/wp-json\/wp\/v2\/media?parent=475"}],"curies":[{"name":"wp","href":"https:\/\/api.w.org\/{rel}","templated":true}]}}