{"id":917,"date":"2026-01-13T16:20:33","date_gmt":"2026-01-13T16:20:33","guid":{"rendered":"https:\/\/metehandanmehmetcige.com\/muze-video-galeri\/"},"modified":"2026-01-20T23:37:19","modified_gmt":"2026-01-20T23:37:19","slug":"museum-video-gallery","status":"publish","type":"page","link":"https:\/\/metehandanmehmetcige.com\/en\/museum-video-gallery\/","title":{"rendered":"Museum Video Gallery"},"content":{"rendered":"\n  <div class=\"banner has-hover\" id=\"banner-1400787638\">\n          <div class=\"banner-inner fill\">\n        <div class=\"banner-bg fill\" >\n            <img loading=\"lazy\" decoding=\"async\" width=\"1920\" height=\"1080\" src=\"https:\/\/metehandanmehmetcige.com\/wp-content\/uploads\/2026\/01\/arkaplan1.webp\" class=\"bg attachment-original size-original\" alt=\"\" \/>                        <div class=\"overlay\"><\/div>            \n                    <\/div>\n\t\t\n        <div class=\"banner-layers container\">\n            <div class=\"fill banner-link\"><\/div>            \n   <div id=\"text-box-305832306\" class=\"text-box banner-layer x95 md-x70 lg-x70 y90 md-y90 lg-y90 res-text\">\n                                <div class=\"text-box-content text dark\">\n              \n              <div class=\"text-inner text-center\">\n                  \n\t<div id=\"text-4085200195\" class=\"text\">\n\t\t\n<h4 class=\"uppercase\"><span style=\"font-size: 120%;\">Museum Video Gallery<\/span><\/h4>\n\t\t\n<style>\n#text-4085200195 {\n  font-size: 0.75rem;\n  text-align: left;\n}\n<\/style>\n\t<\/div>\n\t\n              <\/div>\n           <\/div>\n                            \n<style>\n#text-box-305832306 {\n  width: 85%;\n}\n#text-box-305832306 .text-box-content {\n  font-size: 100%;\n}\n@media (min-width:550px) {\n  #text-box-305832306 {\n    width: 34%;\n  }\n}\n@media (min-width:850px) {\n  #text-box-305832306 {\n    width: 28%;\n  }\n}\n<\/style>\n    <\/div>\n \n        <\/div>\n      <\/div>\n\n            \n<style>\n#banner-1400787638 {\n  padding-top: 300px;\n}\n#banner-1400787638 .overlay {\n  background-color: rgba(0, 0, 0, 0.692);\n}\n#banner-1400787638 .banner-bg img {\n  object-position: 50% 18%;\n}\n<\/style>\n  <\/div>\n\n\n\n\t<section class=\"section\" id=\"section_69902203\">\n\t\t<div class=\"section-bg fill\" >\n\t\t\t\t\t\t\t\t\t\n\t\t\t\n\n\t\t<\/div>\n\n\t\t\n\n\t\t<div class=\"section-content relative\">\n\t\t\t\n<div class=\"row\"  id=\"row-774278680\">\n\n\t<div id=\"col-6952915\" class=\"col small-12 large-12\"  >\n\t\t\t\t<div class=\"col-inner\"  >\n\t\t\t\n\t\t\t\n<div class=\"video video-fit mb\" style=\"padding-top:56.25%;\"><p><iframe loading=\"lazy\" title=\"Mete Han\u2019dan Mehmet\u00e7i\u011fe | T\u00fcrkiye\u2019de \u0130lk ve Tek T\u00fcrk Devletleri Tarihi M\u00fczesi A\u00e7\u0131l\u0131\u015f\u0131\" width=\"1020\" height=\"574\" src=\"https:\/\/www.youtube.com\/embed\/MrdMibP9n-4?feature=oembed\" frameborder=\"0\" allow=\"accelerometer; autoplay; clipboard-write; encrypted-media; gyroscope; picture-in-picture; web-share\" referrerpolicy=\"strict-origin-when-cross-origin\" allowfullscreen><\/iframe><\/p>\n<\/div>\n\t\t<\/div>\n\t\t\t\t\t<\/div>\n\n\t\n<\/div>\n\t\t<\/div>\n\n\t\t\n<style>\n#section_69902203 {\n  padding-top: 30px;\n  padding-bottom: 30px;\n}\n<\/style>\n\t<\/section>\n\t\n","protected":false},"excerpt":{"rendered":"","protected":false},"author":1,"featured_media":0,"parent":0,"menu_order":0,"comment_status":"closed","ping_status":"closed","template":"page-single-page-nav-transparent-light.php","meta":{"footnotes":""},"class_list":["post-917","page","type-page","status-publish","hentry"],"_links":{"self":[{"href":"https:\/\/metehandanmehmetcige.com\/en\/wp-json\/wp\/v2\/pages\/917","targetHints":{"allow":["GET"]}}],"collection":[{"href":"https:\/\/metehandanmehmetcige.com\/en\/wp-json\/wp\/v2\/pages"}],"about":[{"href":"https:\/\/metehandanmehmetcige.com\/en\/wp-json\/wp\/v2\/types\/page"}],"author":[{"embeddable":true,"href":"https:\/\/metehandanmehmetcige.com\/en\/wp-json\/wp\/v2\/users\/1"}],"replies":[{"embeddable":true,"href":"https:\/\/metehandanmehmetcige.com\/en\/wp-json\/wp\/v2\/comments?post=917"}],"version-history":[{"count":3,"href":"https:\/\/metehandanmehmetcige.com\/en\/wp-json\/wp\/v2\/pages\/917\/revisions"}],"predecessor-version":[{"id":1859,"href":"https:\/\/metehandanmehmetcige.com\/en\/wp-json\/wp\/v2\/pages\/917\/revisions\/1859"}],"wp:attachment":[{"href":"https:\/\/metehandanmehmetcige.com\/en\/wp-json\/wp\/v2\/media?parent=917"}],"curies":[{"name":"wp","href":"https:\/\/api.w.org\/{rel}","templated":true}]}}